{"id":1088,"date":"2024-10-24T09:50:40","date_gmt":"2024-10-24T07:50:40","guid":{"rendered":"https:\/\/retolsmarin.com\/blog\/"},"modified":"2025-03-06T12:36:23","modified_gmt":"2025-03-06T11:36:23","slug":"blog","status":"publish","type":"page","link":"https:\/\/retolsmarin.com\/es\/blog\/","title":{"rendered":"Blog"},"content":{"rendered":"<p>[et_pb_section fb_built=\u00bb1&#8243; _builder_version=\u00bb4.27.0&#8243; _module_preset=\u00bbdefault\u00bb background_image=\u00bbhttps:\/\/retolsmarin.com\/wp-content\/uploads\/2024\/10\/header-blog-retols-marin.webp\u00bb custom_padding=\u00bb2em||2em||true|false\u00bb global_colors_info=\u00bb{}\u00bb][et_pb_row _builder_version=\u00bb4.27.0&#8243; _module_preset=\u00bbdefault\u00bb global_colors_info=\u00bb{}\u00bb][et_pb_column type=\u00bb4_4&#8243; _builder_version=\u00bb4.27.0&#8243; _module_preset=\u00bbdefault\u00bb global_colors_info=\u00bb{}\u00bb][et_pb_image src=\u00bbhttps:\/\/retolsmarin.com\/wp-content\/uploads\/2024\/10\/icon-blog.svg\u00bb title_text=\u00bbicon-blog\u00bb show_bottom_space=\u00bboff\u00bb align=\u00bbcenter\u00bb _builder_version=\u00bb4.27.0&#8243; _module_preset=\u00bbdefault\u00bb max_width=\u00bb40px\u00bb custom_margin=\u00bb||1em||false|false\u00bb global_colors_info=\u00bb{}\u00bb][\/et_pb_image][et_pb_text _builder_version=\u00bb4.27.0&#8243; _module_preset=\u00bbdefault\u00bb header_font=\u00bb|700|||||||\u00bb header_text_align=\u00bbcenter\u00bb header_text_color=\u00bb#FFFFFF\u00bb header_font_size=\u00bb40px\u00bb global_colors_info=\u00bb{}\u00bb]<\/p>\n<h1>Blog<\/h1>\n<p>[\/et_pb_text][\/et_pb_column][\/et_pb_row][\/et_pb_section][et_pb_section fb_built=\u00bb1&#8243; _builder_version=\u00bb4.27.0&#8243; _module_preset=\u00bbdefault\u00bb global_colors_info=\u00bb{}\u00bb][et_pb_row column_structure=\u00bb2_3,1_3&#8243; _builder_version=\u00bb4.27.0&#8243; _module_preset=\u00bbdefault\u00bb width=\u00bb90%\u00bb custom_padding=\u00bb0px||0px||true|false\u00bb global_colors_info=\u00bb{}\u00bb][et_pb_column type=\u00bb2_3&#8243; _builder_version=\u00bb4.27.0&#8243; _module_preset=\u00bbdefault\u00bb custom_padding=\u00bb|2em|||false|false\u00bb custom_padding_tablet=\u00bb|0em|||false|false\u00bb custom_padding_phone=\u00bb|0em|||false|false\u00bb custom_padding_last_edited=\u00bbon|tablet\u00bb global_colors_info=\u00bb{}\u00bb][et_pb_blog posts_number=\u00bb50&#8243; include_categories=\u00bb,all\u00bb show_author=\u00bboff\u00bb show_date=\u00bboff\u00bb show_categories=\u00bboff\u00bb show_pagination=\u00bboff\u00bb module_class=\u00bbpa-blog-load-more\u00bb _builder_version=\u00bb4.27.0&#8243; _module_preset=\u00bbdefault\u00bb header_line_height=\u00bb1.2em\u00bb body_font=\u00bb||||||||\u00bb body_text_color=\u00bb#000000&#8243; body_font_size=\u00bb16px\u00bb body_line_height=\u00bb1.5em\u00bb hover_enabled=\u00bb0&#8243; border_radii_image=\u00bbon|50px|50px|50px|50px\u00bb global_colors_info=\u00bb{}\u00bb sticky_enabled=\u00bb0&#8243;][\/et_pb_blog][et_pb_button button_text=\u00bbCargar m\u00e1s posts\u00bb module_id=\u00bbpa_load_more\u00bb _builder_version=\u00bb4.27.0&#8243; _module_preset=\u00bbdefault\u00bb custom_button=\u00bbon\u00bb button_text_size=\u00bb16px\u00bb button_text_color=\u00bb#FFFFFF\u00bb button_bg_color=\u00bb#000000&#8243; button_border_width=\u00bb0px\u00bb button_border_radius=\u00bb15px\u00bb button_use_icon=\u00bboff\u00bb global_colors_info=\u00bb{}\u00bb][\/et_pb_button][et_pb_code _builder_version=\u00bb4.27.0&#8243; _module_preset=\u00bbdefault\u00bb global_colors_info=\u00bb{}\u00bb]<script><!-- [et_pb_line_break_holder] -->jQuery(document).ready(function(){<!-- [et_pb_line_break_holder] -->    \/\/For mobile Screens<!-- [et_pb_line_break_holder] -->    if (window.matchMedia('(max-width: 767px)').matches) {<!-- [et_pb_line_break_holder] -->        var initial_show_article = 2;<!-- [et_pb_line_break_holder] -->    var article_reveal = 1;<!-- [et_pb_line_break_holder] -->    jQuery(\".pa-blog-load-more article\").not( \":nth-child(-n+\"+initial_show_article+\")\" ).css(\"display\",\"none\");<!-- [et_pb_line_break_holder] -->    jQuery(\"#pa_load_more\").on(\"click\", function(event){<!-- [et_pb_line_break_holder] -->        event.preventDefault();<!-- [et_pb_line_break_holder] -->        initial_show_article = initial_show_article + article_reveal;<!-- [et_pb_line_break_holder] -->        jQuery(\".pa-blog-load-more article\").css(\"display\",\"block\");<!-- [et_pb_line_break_holder] -->        jQuery(\".pa-blog-load-more article\").not( \":nth-child(-n+\"+initial_show_article+\")\" ).css(\"display\",\"none\");<!-- [et_pb_line_break_holder] -->        var articles_num = jQuery(\".pa-blog-load-more article\").not('[style*=\"display: block\"]').length<!-- [et_pb_line_break_holder] -->            if(articles_num == 0){<!-- [et_pb_line_break_holder] -->            jQuery(this).css(\"display\",\"none\");    <!-- [et_pb_line_break_holder] -->            }   <!-- [et_pb_line_break_holder] -->    })<!-- [et_pb_line_break_holder] -->    } else {<!-- [et_pb_line_break_holder] -->        \/\/For desktop Screens<!-- [et_pb_line_break_holder] -->        var initial_row_show = 2;<!-- [et_pb_line_break_holder] -->        var row_reveal = 2;<!-- [et_pb_line_break_holder] -->        var total_articles = jQuery(\".pa-blog-load-more article\").length;<!-- [et_pb_line_break_holder] -->        jQuery(\".pa-blog-load-more article\").not( \":nth-child(-n+\"+initial_row_show+\")\" ).css(\"display\",\"none\");<!-- [et_pb_line_break_holder] -->        <!-- [et_pb_line_break_holder] -->        jQuery(\"#pa_load_more\").on(\"click\", function(event){<!-- [et_pb_line_break_holder] -->            event.preventDefault();<!-- [et_pb_line_break_holder] -->            initial_row_show = initial_row_show + row_reveal;<!-- [et_pb_line_break_holder] -->            jQuery(\".pa-blog-load-more article\").css(\"display\",\"block\");<!-- [et_pb_line_break_holder] -->            jQuery(\".pa-blog-load-more article\").not( \":nth-child(-n+\"+initial_row_show+\")\" ).css(\"display\",\"none\");<!-- [et_pb_line_break_holder] -->            var articles_num = jQuery(\".pa-blog-load-more article\").not('[style*=\"display: block\"]').length<!-- [et_pb_line_break_holder] -->            if(articles_num == 0){<!-- [et_pb_line_break_holder] -->            jQuery(this).css(\"display\",\"none\");    <!-- [et_pb_line_break_holder] -->            }    <!-- [et_pb_line_break_holder] -->        })<!-- [et_pb_line_break_holder] -->    } <!-- [et_pb_line_break_holder] -->})<!-- [et_pb_line_break_holder] --><\/script>[\/et_pb_code][\/et_pb_column][et_pb_column type=\u00bb1_3&#8243; module_id=\u00bbsidebar-blog\u00bb _builder_version=\u00bb4.27.0&#8243; _module_preset=\u00bbdefault\u00bb global_colors_info=\u00bb{}\u00bb][et_pb_cta title=\u00bbAMPLIA GAMA DE SERVICIOS\u00bb button_url=\u00bb@ET-DC@eyJkeW5hbWljIjp0cnVlLCJjb250ZW50IjoicG9zdF9saW5rX3VybF9wYWdlIiwic2V0dGluZ3MiOnsicG9zdF9pZCI6IjI0MCJ9fQ==@\u00bb button_text=\u00bbVer Servicios\u00bb _builder_version=\u00bb4.27.0&#8243; _dynamic_attributes=\u00bbbutton_url\u00bb _module_preset=\u00bbdefault\u00bb header_font=\u00bb|700||on|||||\u00bb header_text_align=\u00bbcenter\u00bb header_font_size=\u00bb30px\u00bb header_line_height=\u00bb1.2em\u00bb body_font_size=\u00bb18px\u00bb body_line_height=\u00bb1.5em\u00bb background_color=\u00bb#f26f48&#8243; background_enable_image=\u00bboff\u00bb custom_button=\u00bbon\u00bb button_text_size=\u00bb16px\u00bb button_text_color=\u00bb#FFFFFF\u00bb button_bg_color=\u00bb#000000&#8243; button_border_width=\u00bb0px\u00bb button_border_radius=\u00bb15px\u00bb button_use_icon=\u00bboff\u00bb border_radii=\u00bbon|50px|50px|50px|50px\u00bb global_colors_info=\u00bb{}\u00bb]<\/p>\n<p>FABRICACI\u00d3N, ROTULACI\u00d3N, MONTAJE Y COLOCACI\u00d3N DE R\u00d3TULOS PUBLICITARIOS<\/p>\n<p>[\/et_pb_cta][et_pb_cta title=\u00bbNuestros proyectos\u00bb button_url=\u00bb@ET-DC@eyJkeW5hbWljIjp0cnVlLCJjb250ZW50IjoicG9zdF9saW5rX3VybF9wYWdlIiwic2V0dGluZ3MiOnsicG9zdF9pZCI6IjI0NiJ9fQ==@\u00bb button_text=\u00bbVer Proyectos\u00bb _builder_version=\u00bb4.27.0&#8243; _dynamic_attributes=\u00bbbutton_url\u00bb _module_preset=\u00bbdefault\u00bb header_font=\u00bb|700||on|||||\u00bb header_text_align=\u00bbcenter\u00bb header_font_size=\u00bb30px\u00bb header_line_height=\u00bb1.2em\u00bb body_font_size=\u00bb18px\u00bb body_line_height=\u00bb1.5em\u00bb background_enable_color=\u00bboff\u00bb background_image=\u00bbhttps:\/\/retolsmarin.com\/wp-content\/uploads\/2024\/10\/background-projectes-retols-marin.webp\u00bb custom_button=\u00bbon\u00bb button_text_size=\u00bb16px\u00bb button_text_color=\u00bb#FFFFFF\u00bb button_bg_color=\u00bb#000000&#8243; button_border_width=\u00bb0px\u00bb button_border_radius=\u00bb15px\u00bb button_use_icon=\u00bboff\u00bb border_radii=\u00bbon|50px|50px|50px|50px\u00bb global_colors_info=\u00bb{}\u00bb]<\/p>\n<p>DESCUBRE LA SELECCI\u00d3N DE PROYECTOS DE IMPRESI\u00d3N DE R\u00d3TULOS MAR\u00cdN<\/p>\n<p>[\/et_pb_cta][et_pb_code _builder_version=\u00bb4.27.0&#8243; _module_preset=\u00bbdefault\u00bb background_color=\u00bb#bc1f2f\u00bb custom_padding=\u00bb0px|0px|0px|0px|true|true\u00bb border_radii=\u00bbon|50px|50px|50px|50px\u00bb global_colors_info=\u00bb{}\u00bb]<pee>\n<div class=\"wpcf7 no-js\" id=\"wpcf7-f795-o1\" lang=\"ca\" dir=\"ltr\">\n<div class=\"screen-reader-response\"><p role=\"status\" aria-live=\"polite\" aria-atomic=\"true\"><\/p> <ul><\/ul><\/div>\n<form action=\"\/es\/wp-json\/wp\/v2\/pages\/1088#wpcf7-f795-o1\" method=\"post\" class=\"wpcf7-form init\" aria-label=\"Formulari de contacte\" novalidate=\"novalidate\" data-status=\"init\">\n<div style=\"display: none;\">\n<input type=\"hidden\" name=\"_wpcf7\" value=\"795\" \/>\n<input type=\"hidden\" name=\"_wpcf7_version\" value=\"5.9.8\" \/>\n<input type=\"hidden\" name=\"_wpcf7_locale\" value=\"ca\" \/>\n<input type=\"hidden\" name=\"_wpcf7_unit_tag\" value=\"wpcf7-f795-o1\" \/>\n<input type=\"hidden\" name=\"_wpcf7_container_post\" value=\"0\" \/>\n<input type=\"hidden\" name=\"_wpcf7_posted_data_hash\" value=\"\" \/>\n<\/div>\n<h3>\u00bfHablamos?\n<\/h3>\n<p><span class=\"wpcf7-form-control-wrap\" data-name=\"your-name\"><input size=\"40\" maxlength=\"400\" class=\"wpcf7-form-control wpcf7-text wpcf7-validates-as-required\" aria-required=\"true\" aria-invalid=\"false\" placeholder=\"Nombre*\" value=\"\" type=\"text\" name=\"your-name\" \/><\/span><br \/>\n<span class=\"wpcf7-form-control-wrap\" data-name=\"your-phone\"><input size=\"40\" maxlength=\"400\" class=\"wpcf7-form-control wpcf7-tel wpcf7-validates-as-required wpcf7-text wpcf7-validates-as-tel\" aria-required=\"true\" aria-invalid=\"false\" placeholder=\"Tel\u00e9fono*\" value=\"\" type=\"tel\" name=\"your-phone\" \/><\/span><br \/>\n<span class=\"wpcf7-form-control-wrap\" data-name=\"your-email\"><input size=\"40\" maxlength=\"400\" class=\"wpcf7-form-control wpcf7-email wpcf7-validates-as-required wpcf7-text wpcf7-validates-as-email\" aria-required=\"true\" aria-invalid=\"false\" placeholder=\"Email*\" value=\"\" type=\"email\" name=\"your-email\" \/><\/span><br \/>\n<span class=\"wpcf7-form-control-wrap\" data-name=\"your-message\"><textarea cols=\"40\" rows=\"10\" maxlength=\"2000\" class=\"wpcf7-form-control wpcf7-textarea\" aria-invalid=\"false\" placeholder=\"Cu\u00e9ntanos que necesitas...\" name=\"your-message\"><\/textarea><\/span><br \/>\n<small><em>* Los campos marcados con asterisco son obligatorios<\/em><\/small><br \/>\n<span class=\"wpcf7-form-control-wrap\" data-name=\"acceptance\"><span class=\"wpcf7-form-control wpcf7-acceptance\"><span class=\"wpcf7-list-item\"><input type=\"checkbox\" name=\"acceptance\" value=\"1\" aria-invalid=\"false\" \/><\/span><\/span><\/span> He le\u00eddo y acepto la<a href=\"\/politica-de-privacitat\" target=\"_blank\"> pol\u00edtica de privacidad<\/a>.<br \/>\n<span id=\"wpcf7-69f581da20bc8-wrapper\" class=\"wpcf7-form-control-wrap email-wrap\" style=\"display:none !important; visibility:hidden !important;\"><label for=\"wpcf7-69f581da20bc8-field\" class=\"hp-message\">Deixeu aquest camp buit.<\/label><input id=\"wpcf7-69f581da20bc8-field\"  class=\"wpcf7-form-control wpcf7-text\" type=\"text\" name=\"email\" value=\"\" size=\"40\" tabindex=\"-1\" autocomplete=\"new-password\" \/><\/span><br \/>\n<input class=\"wpcf7-form-control wpcf7-submit has-spinner\" type=\"submit\" value=\"Enviar\" \/>\n<\/p><div class=\"wpcf7-response-output\" aria-hidden=\"true\"><\/div>\n<\/form>\n<\/div>\n<\/pee>[\/et_pb_code][\/et_pb_column][\/et_pb_row][\/et_pb_section]<\/p>\n","protected":false},"excerpt":{"rendered":"<p>BlogFABRICACI\u00d3N, ROTULACI\u00d3N, MONTAJE Y COLOCACI\u00d3N DE R\u00d3TULOS PUBLICITARIOSDESCUBRE LA SELECCI\u00d3N DE PROYECTOS DE IMPRESI\u00d3N DE R\u00d3TULOS MAR\u00cdN\n<div class=\"wpcf7 no-js\" id=\"wpcf7-f795-o2\" lang=\"ca\" dir=\"ltr\">\n<div class=\"screen-reader-response\"><p role=\"status\" aria-live=\"polite\" aria-atomic=\"true\"><\/p> <ul><\/ul><\/div>\n<form action=\"\/es\/wp-json\/wp\/v2\/pages\/1088#wpcf7-f795-o2\" method=\"post\" class=\"wpcf7-form init\" aria-label=\"Formulari de contacte\" novalidate=\"novalidate\" data-status=\"init\">\n<div style=\"display: none;\">\n<input type=\"hidden\" name=\"_wpcf7\" value=\"795\" \/>\n<input type=\"hidden\" name=\"_wpcf7_version\" value=\"5.9.8\" \/>\n<input type=\"hidden\" name=\"_wpcf7_locale\" value=\"ca\" \/>\n<input type=\"hidden\" name=\"_wpcf7_unit_tag\" value=\"wpcf7-f795-o2\" \/>\n<input type=\"hidden\" name=\"_wpcf7_container_post\" value=\"0\" \/>\n<input type=\"hidden\" name=\"_wpcf7_posted_data_hash\" value=\"\" \/>\n<\/div>\n<h3>\u00bfHablamos?\n<\/h3>\n<p><span class=\"wpcf7-form-control-wrap\" data-name=\"your-name\"><input size=\"40\" maxlength=\"400\" class=\"wpcf7-form-control wpcf7-text wpcf7-validates-as-required\" aria-required=\"true\" aria-invalid=\"false\" placeholder=\"Nombre*\" value=\"\" type=\"text\" name=\"your-name\" \/><\/span><br \/>\n<span class=\"wpcf7-form-control-wrap\" data-name=\"your-phone\"><input size=\"40\" maxlength=\"400\" class=\"wpcf7-form-control wpcf7-tel wpcf7-validates-as-required wpcf7-text wpcf7-validates-as-tel\" aria-required=\"true\" aria-invalid=\"false\" placeholder=\"Tel\u00e9fono*\" value=\"\" type=\"tel\" name=\"your-phone\" \/><\/span><br \/>\n<span class=\"wpcf7-form-control-wrap\" data-name=\"your-email\"><input size=\"40\" maxlength=\"400\" class=\"wpcf7-form-control wpcf7-email wpcf7-validates-as-required wpcf7-text wpcf7-validates-as-email\" aria-required=\"true\" aria-invalid=\"false\" placeholder=\"Email*\" value=\"\" type=\"email\" name=\"your-email\" \/><\/span><br \/>\n<span class=\"wpcf7-form-control-wrap\" data-name=\"your-message\"><textarea cols=\"40\" rows=\"10\" maxlength=\"2000\" class=\"wpcf7-form-control wpcf7-textarea\" aria-invalid=\"false\" placeholder=\"Cu\u00e9ntanos que necesitas...\" name=\"your-message\"><\/textarea><\/span><br \/>\n<small><em>* Los campos marcados con asterisco son obligatorios<\/em><\/small><br \/>\n<span class=\"wpcf7-form-control-wrap\" data-name=\"acceptance\"><span class=\"wpcf7-form-control wpcf7-acceptance\"><span class=\"wpcf7-list-item\"><input type=\"checkbox\" name=\"acceptance\" value=\"1\" aria-invalid=\"false\" \/><\/span><\/span><\/span> He le\u00eddo y acepto la<a href=\"\/politica-de-privacitat\" target=\"_blank\"> pol\u00edtica de privacidad<\/a>.<br \/>\n<span id=\"wpcf7-69f581da2c0ec-wrapper\" class=\"wpcf7-form-control-wrap email-wrap\" style=\"display:none !important; visibility:hidden !important;\"><label for=\"wpcf7-69f581da2c0ec-field\" class=\"hp-message\">Deixeu aquest camp buit.<\/label><input id=\"wpcf7-69f581da2c0ec-field\"  class=\"wpcf7-form-control wpcf7-text\" type=\"text\" name=\"email\" value=\"\" size=\"40\" tabindex=\"-1\" autocomplete=\"new-password\" \/><\/span><br \/>\n<input class=\"wpcf7-form-control wpcf7-submit has-spinner\" type=\"submit\" value=\"Enviar\" \/>\n<\/p><div class=\"wpcf7-response-output\" aria-hidden=\"true\"><\/div>\n<\/form>\n<\/div>\n<\/p>\n","protected":false},"author":1,"featured_media":0,"parent":0,"menu_order":0,"comment_status":"closed","ping_status":"closed","template":"","meta":{"_et_pb_use_builder":"on","_et_pb_old_content":"","_et_gb_content_width":"","inline_featured_image":false,"footnotes":""},"class_list":["post-1088","page","type-page","status-publish","hentry"],"yoast_head":"<!-- This site is optimized with the Yoast SEO plugin v23.4 - https:\/\/yoast.com\/wordpress\/plugins\/seo\/ -->\n<title>Blog - R\u00e8tols Mar\u00edn<\/title>\n<meta name=\"robots\" content=\"index, follow, max-snippet:-1, max-image-preview:large, max-video-preview:-1\" \/>\n<link rel=\"canonical\" href=\"https:\/\/retolsmarin.com\/es\/blog\/\" \/>\n<meta property=\"og:locale\" content=\"es_ES\" \/>\n<meta property=\"og:type\" content=\"article\" \/>\n<meta property=\"og:title\" content=\"Blog - R\u00e8tols Mar\u00edn\" \/>\n<meta property=\"og:description\" content=\"BlogFABRICACI\u00d3N, ROTULACI\u00d3N, MONTAJE Y COLOCACI\u00d3N DE R\u00d3TULOS PUBLICITARIOSDESCUBRE LA SELECCI\u00d3N DE PROYECTOS DE IMPRESI\u00d3N DE R\u00d3TULOS MAR\u00cdN\" \/>\n<meta property=\"og:url\" content=\"https:\/\/retolsmarin.com\/es\/blog\/\" \/>\n<meta property=\"og:site_name\" content=\"R\u00e8tols Mar\u00edn\" \/>\n<meta property=\"article:modified_time\" content=\"2025-03-06T11:36:23+00:00\" \/>\n<meta name=\"twitter:card\" content=\"summary_large_image\" \/>\n<meta name=\"twitter:label1\" content=\"Tiempo de lectura\" \/>\n\t<meta name=\"twitter:data1\" content=\"3 minutos\" \/>\n<script type=\"application\/ld+json\" class=\"yoast-schema-graph\">{\"@context\":\"https:\/\/schema.org\",\"@graph\":[{\"@type\":\"WebPage\",\"@id\":\"https:\/\/retolsmarin.com\/es\/blog\/\",\"url\":\"https:\/\/retolsmarin.com\/es\/blog\/\",\"name\":\"Blog - R\u00e8tols Mar\u00edn\",\"isPartOf\":{\"@id\":\"https:\/\/retolsmarin.com\/es\/#website\"},\"datePublished\":\"2024-10-24T07:50:40+00:00\",\"dateModified\":\"2025-03-06T11:36:23+00:00\",\"breadcrumb\":{\"@id\":\"https:\/\/retolsmarin.com\/es\/blog\/#breadcrumb\"},\"inLanguage\":\"es\",\"potentialAction\":[{\"@type\":\"ReadAction\",\"target\":[\"https:\/\/retolsmarin.com\/es\/blog\/\"]}]},{\"@type\":\"BreadcrumbList\",\"@id\":\"https:\/\/retolsmarin.com\/es\/blog\/#breadcrumb\",\"itemListElement\":[{\"@type\":\"ListItem\",\"position\":1,\"name\":\"Portada\",\"item\":\"https:\/\/retolsmarin.com\/es\/\"},{\"@type\":\"ListItem\",\"position\":2,\"name\":\"Blog\"}]},{\"@type\":\"WebSite\",\"@id\":\"https:\/\/retolsmarin.com\/es\/#website\",\"url\":\"https:\/\/retolsmarin.com\/es\/\",\"name\":\"R\u00e8tols Mar\u00edn\",\"description\":\"Impressi\u00f3 i Retolaci\u00f3\",\"potentialAction\":[{\"@type\":\"SearchAction\",\"target\":{\"@type\":\"EntryPoint\",\"urlTemplate\":\"https:\/\/retolsmarin.com\/es\/?s={search_term_string}\"},\"query-input\":{\"@type\":\"PropertyValueSpecification\",\"valueRequired\":true,\"valueName\":\"search_term_string\"}}],\"inLanguage\":\"es\"}]}<\/script>\n<!-- \/ Yoast SEO plugin. -->","yoast_head_json":{"title":"Blog - R\u00e8tols Mar\u00edn","robots":{"index":"index","follow":"follow","max-snippet":"max-snippet:-1","max-image-preview":"max-image-preview:large","max-video-preview":"max-video-preview:-1"},"canonical":"https:\/\/retolsmarin.com\/es\/blog\/","og_locale":"es_ES","og_type":"article","og_title":"Blog - R\u00e8tols Mar\u00edn","og_description":"BlogFABRICACI\u00d3N, ROTULACI\u00d3N, MONTAJE Y COLOCACI\u00d3N DE R\u00d3TULOS PUBLICITARIOSDESCUBRE LA SELECCI\u00d3N DE PROYECTOS DE IMPRESI\u00d3N DE R\u00d3TULOS MAR\u00cdN","og_url":"https:\/\/retolsmarin.com\/es\/blog\/","og_site_name":"R\u00e8tols Mar\u00edn","article_modified_time":"2025-03-06T11:36:23+00:00","twitter_card":"summary_large_image","twitter_misc":{"Tiempo de lectura":"3 minutos"},"schema":{"@context":"https:\/\/schema.org","@graph":[{"@type":"WebPage","@id":"https:\/\/retolsmarin.com\/es\/blog\/","url":"https:\/\/retolsmarin.com\/es\/blog\/","name":"Blog - R\u00e8tols Mar\u00edn","isPartOf":{"@id":"https:\/\/retolsmarin.com\/es\/#website"},"datePublished":"2024-10-24T07:50:40+00:00","dateModified":"2025-03-06T11:36:23+00:00","breadcrumb":{"@id":"https:\/\/retolsmarin.com\/es\/blog\/#breadcrumb"},"inLanguage":"es","potentialAction":[{"@type":"ReadAction","target":["https:\/\/retolsmarin.com\/es\/blog\/"]}]},{"@type":"BreadcrumbList","@id":"https:\/\/retolsmarin.com\/es\/blog\/#breadcrumb","itemListElement":[{"@type":"ListItem","position":1,"name":"Portada","item":"https:\/\/retolsmarin.com\/es\/"},{"@type":"ListItem","position":2,"name":"Blog"}]},{"@type":"WebSite","@id":"https:\/\/retolsmarin.com\/es\/#website","url":"https:\/\/retolsmarin.com\/es\/","name":"R\u00e8tols Mar\u00edn","description":"Impressi\u00f3 i Retolaci\u00f3","potentialAction":[{"@type":"SearchAction","target":{"@type":"EntryPoint","urlTemplate":"https:\/\/retolsmarin.com\/es\/?s={search_term_string}"},"query-input":{"@type":"PropertyValueSpecification","valueRequired":true,"valueName":"search_term_string"}}],"inLanguage":"es"}]}},"_links":{"self":[{"href":"https:\/\/retolsmarin.com\/es\/wp-json\/wp\/v2\/pages\/1088","targetHints":{"allow":["GET"]}}],"collection":[{"href":"https:\/\/retolsmarin.com\/es\/wp-json\/wp\/v2\/pages"}],"about":[{"href":"https:\/\/retolsmarin.com\/es\/wp-json\/wp\/v2\/types\/page"}],"author":[{"embeddable":true,"href":"https:\/\/retolsmarin.com\/es\/wp-json\/wp\/v2\/users\/1"}],"replies":[{"embeddable":true,"href":"https:\/\/retolsmarin.com\/es\/wp-json\/wp\/v2\/comments?post=1088"}],"version-history":[{"count":8,"href":"https:\/\/retolsmarin.com\/es\/wp-json\/wp\/v2\/pages\/1088\/revisions"}],"predecessor-version":[{"id":1182,"href":"https:\/\/retolsmarin.com\/es\/wp-json\/wp\/v2\/pages\/1088\/revisions\/1182"}],"wp:attachment":[{"href":"https:\/\/retolsmarin.com\/es\/wp-json\/wp\/v2\/media?parent=1088"}],"curies":[{"name":"wp","href":"https:\/\/api.w.org\/{rel}","templated":true}]}}